{"id":523,"date":"2024-01-25T16:49:36","date_gmt":"2024-01-25T15:49:36","guid":{"rendered":"https:\/\/www.historiker.online\/?page_id=523"},"modified":"2024-04-25T15:09:03","modified_gmt":"2024-04-25T13:09:03","slug":"produkte","status":"publish","type":"page","link":"https:\/\/www.historiker.online\/?page_id=523","title":{"rendered":"Produkte"},"content":{"rendered":"\t\t<div data-elementor-type=\"wp-page\" data-elementor-id=\"523\" class=\"elementor elementor-523\">\n\t\t\t\t\t\t\t\t\t<section class=\"elementor-section elementor-top-section elementor-element elementor-element-3c3af401 elementor-section-boxed elementor-section-height-default elementor-section-height-default\" data-id=\"3c3af401\" data-element_type=\"section\">\n\t\t\t\t\t\t<div class=\"elementor-container elementor-column-gap-default\">\n\t\t\t\t\t<div class=\"elementor-column elementor-col-100 elementor-top-column elementor-element elementor-element-2850a5ca\" data-id=\"2850a5ca\" data-element_type=\"column\">\n\t\t\t<div class=\"elementor-widget-wrap elementor-element-populated\">\n\t\t\t\t\t\t\t\t<div class=\"elementor-element elementor-element-3d6a39b3 elementor-widget elementor-widget-text-editor\" data-id=\"3d6a39b3\" data-element_type=\"widget\" data-widget_type=\"text-editor.default\">\n\t\t\t\t<div class=\"elementor-widget-container\">\n\t\t\t\t\t\t\t<!-- wp:paragraph {\"backgroundColor\":\"white\"} -->\n<p class=\"has-white-background-color has-background\"><strong>Produkte<\/strong><br><br>Egal ob Print, Digital oder Multimedia: Ihre Geschichte kann in vielen Varianten dargestellt werden. <br>Gerne unterst\u00fctze ich Sie dabei, die f\u00fcr Sie ideale Form zu finden. Dank meinem Netzwerk kann ich Ihnen eine grosse Palette an Produktarten direkt anbieten oder ich arbeite mit Ihrem pers\u00f6nlichen Projektteam zusammen.<br><br>Hier finden Sie eine Auswahl an Ideen, wie Ihre Geschichte am besten zur Geltung kommt:<br><br><strong>Print: <\/strong>Buch, Brosch\u00fcre, Prospekt, Aufstellkarten, Plakate uvm.<br><strong>Digital:<\/strong> Webseiteninhalte, Social Media-Beitr\u00e4ge, Powerpoint- oder PDF-Dokumentationen, Datenbanken, Newsletter uvm.<br><strong>Pers\u00f6nlich: <\/strong>Pr\u00e4sentation, Lesung, Rundg\u00e4nge, Interviews, Lecture &amp; Dine, Pubquiz uvm.<br><strong>\u00d6ffentlich: <\/strong>Zeitungsberichte, Jahresberichte uvm. <br><br><strong>Preise:<\/strong><br>Historische Forschung und die damit verbundenen Kosten h\u00e4ngen vom Objekt, der Quellenlage, dem Publikationsvorhaben und der geplanten Zeit ab. Gerne offeriere ich Ihnen damit jedes Projekt anhand Ihres Briefings eigenst\u00e4ndig und transparent. <br>Des Weiteren ist auch eine Arbeit nach Stundenaufwand m\u00f6glich. Der Stundenansatz variiert je nach Arbeitsmethode, Ort und ben\u00f6tigter Erfahrung. Gerne k\u00f6nnen wir Ihre Ideen direkt gemeinsam besprechen.<br><br><\/p>\n<!-- \/wp:paragraph -->\n\n<!-- wp:paragraph -->\n<p><\/p>\n<!-- \/wp:paragraph -->\t\t\t\t\t\t<\/div>\n\t\t\t\t<\/div>\n\t\t\t\t\t<\/div>\n\t\t<\/div>\n\t\t\t\t\t\t\t<\/div>\n\t\t<\/section>\n\t\t\t\t\t\t\t<\/div>\n\t\t","protected":false},"excerpt":{"rendered":"<p>Produkte Egal ob Print, Digital oder Multimedia: Ihre Geschichte kann in vielen Varianten dargestellt werden. Gerne unterst\u00fctze ich Sie dabei, die f\u00fcr [&hellip;]<\/p>\n","protected":false},"author":3,"featured_media":0,"parent":0,"menu_order":0,"comment_status":"closed","ping_status":"closed","template":"","meta":{"footnotes":""},"class_list":["post-523","page","type-page","status-publish","hentry"],"_links":{"self":[{"href":"https:\/\/www.historiker.online\/index.php?rest_route=\/wp\/v2\/pages\/523","targetHints":{"allow":["GET"]}}],"collection":[{"href":"https:\/\/www.historiker.online\/index.php?rest_route=\/wp\/v2\/pages"}],"about":[{"href":"https:\/\/www.historiker.online\/index.php?rest_route=\/wp\/v2\/types\/page"}],"author":[{"embeddable":true,"href":"https:\/\/www.historiker.online\/index.php?rest_route=\/wp\/v2\/users\/3"}],"replies":[{"embeddable":true,"href":"https:\/\/www.historiker.online\/index.php?rest_route=%2Fwp%2Fv2%2Fcomments&post=523"}],"version-history":[{"count":7,"href":"https:\/\/www.historiker.online\/index.php?rest_route=\/wp\/v2\/pages\/523\/revisions"}],"predecessor-version":[{"id":558,"href":"https:\/\/www.historiker.online\/index.php?rest_route=\/wp\/v2\/pages\/523\/revisions\/558"}],"wp:attachment":[{"href":"https:\/\/www.historiker.online\/index.php?rest_route=%2Fwp%2Fv2%2Fmedia&parent=523"}],"curies":[{"name":"wp","href":"https:\/\/api.w.org\/{rel}","templated":true}]}}