{"id":218,"date":"2020-04-13T13:15:13","date_gmt":"2020-04-13T11:15:13","guid":{"rendered":"https:\/\/www.historiker.online\/?page_id=218"},"modified":"2024-04-25T15:16:08","modified_gmt":"2024-04-25T13:16:08","slug":"showcase-geschichte-des-hotel-regina-muerren","status":"publish","type":"page","link":"https:\/\/www.historiker.online\/?page_id=218","title":{"rendered":"Showcase: Geschichte des Hotel Regina M\u00fcrren"},"content":{"rendered":"\t\t<div data-elementor-type=\"wp-page\" data-elementor-id=\"218\" class=\"elementor elementor-218\">\n\t\t\t\t\t\t\t\t\t<section class=\"elementor-section elementor-top-section elementor-element elementor-element-3f8197b9 elementor-section-boxed elementor-section-height-default elementor-section-height-default\" data-id=\"3f8197b9\" data-element_type=\"section\">\n\t\t\t\t\t\t<div class=\"elementor-container elementor-column-gap-default\">\n\t\t\t\t\t<div class=\"elementor-column elementor-col-100 elementor-top-column elementor-element elementor-element-6edcdbd1\" data-id=\"6edcdbd1\" data-element_type=\"column\">\n\t\t\t<div class=\"elementor-widget-wrap elementor-element-populated\">\n\t\t\t\t\t\t\t\t<div class=\"elementor-element elementor-element-1ea99460 elementor-widget elementor-widget-text-editor\" data-id=\"1ea99460\" data-element_type=\"widget\" data-widget_type=\"text-editor.default\">\n\t\t\t\t<div class=\"elementor-widget-container\">\n\t\t\t\t\t\t\t<!-- wp:group {\"align\":\"full\"} -->\n<div class=\"wp-block-group alignfull\"><!-- wp:group {\"backgroundColor\":\"white\"} -->\n<div class=\"wp-block-group has-white-background-color has-background\"><!-- wp:paragraph {\"fontSize\":\"medium\"} -->\n<p class=\"has-medium-font-size\"><strong>Showcase: Hotel Regina M\u00fcrren<\/strong><br><br><strong>Kundenfeedback Gisela Vollmer, Hotel Regina M\u00fcrren: <\/strong><br><em>Das Hotel Regina geh\u00f6rt zu den \u00e4ltesten Hotels von M\u00fcrren. Die Recherchen von Michael Frei zeigen, wie interessant und auch wichtig f\u00fcr M\u00fcrren seine Geschichte wirklich ist. Entstanden ist ein lesenswertes und modern gestaltetes &#8222;Regina-Buch&#8220;. Darin zeigen abwechslungsreiche Kurzgeschichten die Entwicklung des Reginas von der einfachen Pension zum etablierten Hotel eines bekannten Kurorts auf: die Kulturgeschichte von \u00fcber 100 Jahren Gastfreundschaft. Unsere G\u00e4ste finden hier ihre &#8222;Vorfahren&#8220; und lesen von ihren Erlebnissen.<\/em><\/p>\n<!-- \/wp:paragraph -->\n\n<!-- wp:paragraph {\"align\":\"left\"} -->\n<p class=\"has-text-align-left\"><strong>Entstehung<\/strong><br><br>Im Rahmen von Jubil\u00e4umsvorbereitungen des Hotel Regina M\u00fcrren entsteht die Idee, die Geschichte des  \u00fcber 120-j\u00e4hrigen Hauses zu erforschen, den G\u00e4sten zug\u00e4nglich zu machen und zu publizieren. Die Arbeit siedelt sich dabei in einem soziokulturellen Milieu an. Hoteliers, Angeh\u00f6rige des M\u00fcrrener Tourismus, aber auch Hotel-G\u00e4ste aus aller Welt werden als selbstst\u00e4ndige Akteure verstanden, die auf das Hotel Einfluss nehmen und seine Geschichte mitpr\u00e4gen.<br><br><img fetchpriority=\"high\" decoding=\"async\" width=\"500\" height=\"350\" class=\"wp-image-264\" style=\"width: 500px;\" src=\"https:\/\/www.historiker.online\/wp-content\/uploads\/2020\/04\/arbisoftimages-365247-Hotel-Dorfseite_large-918461.jpg\" alt=\"\" srcset=\"https:\/\/www.historiker.online\/wp-content\/uploads\/2020\/04\/arbisoftimages-365247-Hotel-Dorfseite_large-918461.jpg 500w, https:\/\/www.historiker.online\/wp-content\/uploads\/2020\/04\/arbisoftimages-365247-Hotel-Dorfseite_large-918461-300x210.jpg 300w, https:\/\/www.historiker.online\/wp-content\/uploads\/2020\/04\/arbisoftimages-365247-Hotel-Dorfseite_large-918461-230x161.jpg 230w, https:\/\/www.historiker.online\/wp-content\/uploads\/2020\/04\/arbisoftimages-365247-Hotel-Dorfseite_large-918461-350x245.jpg 350w, https:\/\/www.historiker.online\/wp-content\/uploads\/2020\/04\/arbisoftimages-365247-Hotel-Dorfseite_large-918461-480x336.jpg 480w\" sizes=\"(max-width: 500px) 100vw, 500px\" \/><br><br>Vorgehen: Ein zentraler Quellenkorpus ist zu Beginn nicht vorhanden und muss geschaffen werden. Als Ausgangspunkt f\u00fcr die Quellensuche eignet sich das Archiv von M\u00fcrren Tourismus und die Akten des lokalen Kur- und Hoteliervereins. Das zust\u00e4ndige Gemeindearchiv ist zum Zeitpunkt im Umbau und nur beschr\u00e4nkt einsehbar. <br><br>Schon bald kommen weitere Ansatzpunkte hinzu; Die durch den Tourismus und die Internierungen von verletzten Soldaten im Ersten Weltkrieg traditionell enge Verbundenheit M\u00fcrrens mit England \u00f6ffnet T\u00fcren in grosse digitale Best\u00e4nde: Das <a href=\"https:\/\/www.britishnewspaperarchive.co.uk\/\">British Newspaper Archive<\/a> und die <a rel=\"noreferrer noopener\" href=\"https:\/\/grandeguerre.icrc.org\/\" target=\"_blank\">Kartotek des Internationalen Komitees des Roten Kreuz<\/a>. In beiden k\u00f6nnen Stammg\u00e4ste oder Soldaten und ihre Erinnerungen an das Regina gefunden werden.<br><br><img decoding=\"async\" width=\"220\" height=\"200\" class=\"wp-image-308\" style=\"width: 220px;\" src=\"https:\/\/www.historiker.online\/wp-content\/uploads\/2020\/06\/Bild1.jpg\" alt=\"\" srcset=\"https:\/\/www.historiker.online\/wp-content\/uploads\/2020\/06\/Bild1.jpg 1060w, https:\/\/www.historiker.online\/wp-content\/uploads\/2020\/06\/Bild1-300x273.jpg 300w, https:\/\/www.historiker.online\/wp-content\/uploads\/2020\/06\/Bild1-1024x932.jpg 1024w, https:\/\/www.historiker.online\/wp-content\/uploads\/2020\/06\/Bild1-768x699.jpg 768w, https:\/\/www.historiker.online\/wp-content\/uploads\/2020\/06\/Bild1-830x756.jpg 830w, https:\/\/www.historiker.online\/wp-content\/uploads\/2020\/06\/Bild1-230x209.jpg 230w, https:\/\/www.historiker.online\/wp-content\/uploads\/2020\/06\/Bild1-350x319.jpg 350w, https:\/\/www.historiker.online\/wp-content\/uploads\/2020\/06\/Bild1-480x437.jpg 480w\" sizes=\"(max-width: 220px) 100vw, 220px\" \/> <img decoding=\"async\" width=\"215\" height=\"202\" class=\"wp-image-313\" style=\"width: 215px;\" src=\"https:\/\/www.historiker.online\/wp-content\/uploads\/2020\/06\/Bild2.png\" alt=\"\" srcset=\"https:\/\/www.historiker.online\/wp-content\/uploads\/2020\/06\/Bild2.png 649w, https:\/\/www.historiker.online\/wp-content\/uploads\/2020\/06\/Bild2-300x282.png 300w, https:\/\/www.historiker.online\/wp-content\/uploads\/2020\/06\/Bild2-230x217.png 230w, https:\/\/www.historiker.online\/wp-content\/uploads\/2020\/06\/Bild2-350x330.png 350w, https:\/\/www.historiker.online\/wp-content\/uploads\/2020\/06\/Bild2-480x452.png 480w\" sizes=\"(max-width: 215px) 100vw, 215px\" \/> <img loading=\"lazy\" decoding=\"async\" width=\"220\" height=\"200\" class=\"wp-image-316\" style=\"width: 220px;\" src=\"https:\/\/www.historiker.online\/wp-content\/uploads\/2020\/06\/Bild3.jpg\" alt=\"\" srcset=\"https:\/\/www.historiker.online\/wp-content\/uploads\/2020\/06\/Bild3.jpg 1062w, https:\/\/www.historiker.online\/wp-content\/uploads\/2020\/06\/Bild3-300x273.jpg 300w, https:\/\/www.historiker.online\/wp-content\/uploads\/2020\/06\/Bild3-1024x930.jpg 1024w, https:\/\/www.historiker.online\/wp-content\/uploads\/2020\/06\/Bild3-768x698.jpg 768w, https:\/\/www.historiker.online\/wp-content\/uploads\/2020\/06\/Bild3-830x754.jpg 830w, https:\/\/www.historiker.online\/wp-content\/uploads\/2020\/06\/Bild3-230x209.jpg 230w, https:\/\/www.historiker.online\/wp-content\/uploads\/2020\/06\/Bild3-350x318.jpg 350w, https:\/\/www.historiker.online\/wp-content\/uploads\/2020\/06\/Bild3-480x436.jpg 480w\" sizes=\"(max-width: 220px) 100vw, 220px\" \/><br><br>Nach und nach setzt sich die Geschichte des Hotels \u00fcber die Jahrzehnte bis an die Schwelle zur Gegenwart zusammen.  Anl\u00e4sslich von Jubil\u00e4umsfeierlichkeiten wird 2019 in M\u00fcrren im Regina die Ausstellung zur Geschichte des Hotels er\u00f6ffnet. 2020 erscheint die Geschichte des Hotel Regina M\u00fcrren gedruckt als Brosch\u00fcre und kann <a rel=\"noreferrer noopener\" href=\"https:\/\/www.reginamuerren.ch\/sozialkulturelle-geschichte\/\" data-type=\"URL\" data-id=\"https:\/\/www.reginamuerren.ch\/sozialkulturelle-geschichte\/\" target=\"_blank\">direkt im Hotel<\/a> gekauft oder bei <a rel=\"noreferrer noopener\" href=\"https:\/\/www.historiker.online\/?page_id=9\" data-type=\"URL\" data-id=\"https:\/\/www.historiker.online\/?page_id=9\" target=\"_blank\">mir per Mail<\/a> bestellt werden.<br><img loading=\"lazy\" decoding=\"async\" width=\"550\" height=\"780\" class=\"wp-image-378\" style=\"width: 550px;\" src=\"https:\/\/www.historiker.online\/wp-content\/uploads\/2020\/12\/REGINA_Geschichte-987x1400-1.jpg\" alt=\"\" srcset=\"https:\/\/www.historiker.online\/wp-content\/uploads\/2020\/12\/REGINA_Geschichte-987x1400-1.jpg 987w, https:\/\/www.historiker.online\/wp-content\/uploads\/2020\/12\/REGINA_Geschichte-987x1400-1-212x300.jpg 212w, https:\/\/www.historiker.online\/wp-content\/uploads\/2020\/12\/REGINA_Geschichte-987x1400-1-722x1024.jpg 722w, https:\/\/www.historiker.online\/wp-content\/uploads\/2020\/12\/REGINA_Geschichte-987x1400-1-768x1089.jpg 768w, https:\/\/www.historiker.online\/wp-content\/uploads\/2020\/12\/REGINA_Geschichte-987x1400-1-830x1177.jpg 830w, https:\/\/www.historiker.online\/wp-content\/uploads\/2020\/12\/REGINA_Geschichte-987x1400-1-230x326.jpg 230w, https:\/\/www.historiker.online\/wp-content\/uploads\/2020\/12\/REGINA_Geschichte-987x1400-1-350x496.jpg 350w, https:\/\/www.historiker.online\/wp-content\/uploads\/2020\/12\/REGINA_Geschichte-987x1400-1-480x681.jpg 480w\" sizes=\"(max-width: 550px) 100vw, 550px\" \/><\/p>\n<!-- \/wp:paragraph --><\/div>\n<!-- \/wp:group -->\n\n<!-- wp:paragraph -->\n<p><\/p>\n<!-- \/wp:paragraph -->\n\n<!-- wp:paragraph -->\n<p><\/p>\n<!-- \/wp:paragraph -->\n\n<!-- wp:paragraph -->\n<p><\/p>\n<!-- \/wp:paragraph --><\/div>\n<!-- \/wp:group -->\t\t\t\t\t\t<\/div>\n\t\t\t\t<\/div>\n\t\t\t\t\t<\/div>\n\t\t<\/div>\n\t\t\t\t\t\t\t<\/div>\n\t\t<\/section>\n\t\t\t\t\t\t\t<\/div>\n\t\t","protected":false},"excerpt":{"rendered":"<p>Showcase: Hotel Regina M\u00fcrren Kundenfeedback Gisela Vollmer, Hotel Regina M\u00fcrren: Das Hotel Regina geh\u00f6rt zu den \u00e4ltesten Hotels von M\u00fcrren. Die Recherchen [&hellip;]<\/p>\n","protected":false},"author":3,"featured_media":264,"parent":0,"menu_order":0,"comment_status":"closed","ping_status":"closed","template":"","meta":{"footnotes":""},"class_list":["post-218","page","type-page","status-publish","has-post-thumbnail","hentry"],"_links":{"self":[{"href":"https:\/\/www.historiker.online\/index.php?rest_route=\/wp\/v2\/pages\/218","targetHints":{"allow":["GET"]}}],"collection":[{"href":"https:\/\/www.historiker.online\/index.php?rest_route=\/wp\/v2\/pages"}],"about":[{"href":"https:\/\/www.historiker.online\/index.php?rest_route=\/wp\/v2\/types\/page"}],"author":[{"embeddable":true,"href":"https:\/\/www.historiker.online\/index.php?rest_route=\/wp\/v2\/users\/3"}],"replies":[{"embeddable":true,"href":"https:\/\/www.historiker.online\/index.php?rest_route=%2Fwp%2Fv2%2Fcomments&post=218"}],"version-history":[{"count":45,"href":"https:\/\/www.historiker.online\/index.php?rest_route=\/wp\/v2\/pages\/218\/revisions"}],"predecessor-version":[{"id":569,"href":"https:\/\/www.historiker.online\/index.php?rest_route=\/wp\/v2\/pages\/218\/revisions\/569"}],"wp:featuredmedia":[{"embeddable":true,"href":"https:\/\/www.historiker.online\/index.php?rest_route=\/wp\/v2\/media\/264"}],"wp:attachment":[{"href":"https:\/\/www.historiker.online\/index.php?rest_route=%2Fwp%2Fv2%2Fmedia&parent=218"}],"curies":[{"name":"wp","href":"https:\/\/api.w.org\/{rel}","templated":true}]}}