{"id":2,"date":"2020-01-23T22:49:53","date_gmt":"2020-01-23T21:49:53","guid":{"rendered":"http:\/\/www.historiker.online\/?page_id=2"},"modified":"2023-03-07T16:12:04","modified_gmt":"2023-03-07T15:12:04","slug":"beispiel-seite","status":"publish","type":"page","link":"https:\/\/www.historiker.online\/","title":{"rendered":""},"content":{"rendered":"\n<blockquote class=\"wp-block-quote is-layout-flow wp-block-quote-is-layout-flow\">\n<p>&#8222;Wer in der Zukunft lesen will, muss in der Vergangenheit bl\u00e4ttern.&#8220;<\/p>\n<cite>Andr\u00e9 Malraux, Irrwege Europas 1519-1648, G\u00f6ttingen 1967, S. 5.<\/cite><\/blockquote>\n\n\n\n<div class=\"wp-block-group is-layout-flow wp-block-group-is-layout-flow\">\n<div class=\"wp-block-group is-layout-flow wp-block-group-is-layout-flow\">\n<p class=\"has-black-color has-white-background-color has-text-color has-background\">Herzlich willkommen auf der Webseite von  Michael Frei. <br><br>Als freischaffender Schweizer Historiker biete ich Ihnen historische Dienstleistungen und Recherche an. Dabei kombiniere ich die Methodiken der Geschichtswissenschaft mit den Anforderungen an eine moderne, effiziente Dienstleistungsagentur.<br><br><br><img fetchpriority=\"high\" decoding=\"async\" width=\"279\" height=\"188\" class=\"wp-image-77\" style=\"width: 279px;\" src=\"https:\/\/www.historiker.online\/wp-content\/uploads\/2020\/01\/CroppedImage297200-michael.jpg\" alt=\"\"><br><br>Obwohl noch immer viele Quellen auf Papier bestehen, erm\u00f6glicht uns die Digitalisierung, Materialien der gesamten Welt orts- und zeitunabh\u00e4ngig zu  untersuchen. Wie analoge und digitale Quellen zusammen l\u00e4ngst vergessene Bilder wieder auferstehen lassen, zeige ich Ihnen gerne am <a rel=\"noreferrer noopener\" href=\"https:\/\/www.historiker.online\/?page_id=218\" target=\"_blank\">Showcase  &#8222;Geschichte des Hotel Regina M\u00fcrren&#8220;<\/a>. <br><br>Ob Gemeinde, Firmengeschichte, Vereinsjubil\u00e4um oder Privatperson: Ich freue mich darauf, mit Ihnen zusammen Ihre ganz pers\u00f6nliche Geschichte wiederzuentdecken. <a rel=\"noreferrer noopener\" href=\"https:\/\/www.historiker.online\/?page_id=124\" target=\"_blank\">W\u00e4hlen Sie hier, wie ich Sie am besten unterst\u00fctzen kann.<\/a><\/p>\n<\/div>\n<\/div>\n","protected":false},"excerpt":{"rendered":"<p>&#8222;Wer in der Zukunft lesen will, muss in der Vergangenheit bl\u00e4ttern.&#8220; Andr\u00e9 Malraux, Irrwege Europas 1519-1648, G\u00f6ttingen 1967, S. 5. Herzlich willkommen [&hellip;]<\/p>\n","protected":false},"author":1,"featured_media":0,"parent":0,"menu_order":0,"comment_status":"closed","ping_status":"open","template":"","meta":{"footnotes":""},"class_list":["post-2","page","type-page","status-publish","hentry"],"_links":{"self":[{"href":"https:\/\/www.historiker.online\/index.php?rest_route=\/wp\/v2\/pages\/2","targetHints":{"allow":["GET"]}}],"collection":[{"href":"https:\/\/www.historiker.online\/index.php?rest_route=\/wp\/v2\/pages"}],"about":[{"href":"https:\/\/www.historiker.online\/index.php?rest_route=\/wp\/v2\/types\/page"}],"author":[{"embeddable":true,"href":"https:\/\/www.historiker.online\/index.php?rest_route=\/wp\/v2\/users\/1"}],"replies":[{"embeddable":true,"href":"https:\/\/www.historiker.online\/index.php?rest_route=%2Fwp%2Fv2%2Fcomments&post=2"}],"version-history":[{"count":51,"href":"https:\/\/www.historiker.online\/index.php?rest_route=\/wp\/v2\/pages\/2\/revisions"}],"predecessor-version":[{"id":469,"href":"https:\/\/www.historiker.online\/index.php?rest_route=\/wp\/v2\/pages\/2\/revisions\/469"}],"wp:attachment":[{"href":"https:\/\/www.historiker.online\/index.php?rest_route=%2Fwp%2Fv2%2Fmedia&parent=2"}],"curies":[{"name":"wp","href":"https:\/\/api.w.org\/{rel}","templated":true}]}}