{"id":124,"date":"2020-01-25T14:51:32","date_gmt":"2020-01-25T13:51:32","guid":{"rendered":"http:\/\/www.historiker.online\/?page_id=124"},"modified":"2024-04-25T15:21:19","modified_gmt":"2024-04-25T13:21:19","slug":"dienstleistungen-fuer-sie","status":"publish","type":"page","link":"https:\/\/www.historiker.online\/?page_id=124","title":{"rendered":"Dienstleistungen"},"content":{"rendered":"\n<div class=\"wp-block-group has-white-background-color has-background is-layout-flow wp-block-group-is-layout-flow\">\n<p class=\"has-medium-font-size\"><strong>Dienstleistungen<\/strong><\/p>\n\n\n\n<p><em>Sie bringen Ihre Geschichte mit &#8211; ich stelle sie ins  Zentrum.<\/em><\/p>\n\n\n\n<p><\/p>\n\n\n\n<ul class=\"wp-block-list\">\n<li><strong>Firmengeschichte: <\/strong>Firmen sind wichtige Zeugen der Geschichte und beeinflussen deren Lauf st\u00e4ndig mit. Egal ob als kompakter Teil der Unternehmenspr\u00e4sentation oder als Kernelement des Firmenjubil\u00e4ums, Ihre Geschichte wird Sie, Ihre Mitarbeitenden, Kunden und Partner interessieren. <\/li>\n<\/ul>\n\n\n\n<ul class=\"wp-block-list\">\n<li><strong>Hotelgeschichte:<\/strong> Seit den Anf\u00e4ngen des Tourismus agieren Hotels als Begegnungsorte f\u00fcr Menschen aus der ganzen Welt und sind zugleich Spiegel des eigenen Ortes. Lassen Sie Ihre G\u00e4ste daran teilhaben.<\/li>\n<\/ul>\n\n\n\n<ul class=\"wp-block-list\">\n<li><strong>History-Marketing: <\/strong>Ben\u00fctzen Sie die eigene Unternehmensgeschichte als Ressource und positionieren Sie sich damit individuell auf dem Markt. Die wissenschaftliche Aufarbeitung Ihrer Marke macht Sie zu etwas Besonderem. Lassen Sie Ihre Kunden daran teilhaben.<\/li>\n<\/ul>\n\n\n\n<ul class=\"wp-block-list\">\n<li><strong>Vereinsgeschichte:<\/strong>  Ob Jubil\u00e4um oder Momentaufnahme, eine aufgearbeitete und packend pr\u00e4sentierte Geschichte Ihres Vereins interessiert aktuelle, ehemalige und potentielle Mitglieder.<\/li>\n<\/ul>\n\n\n\n<ul class=\"wp-block-list\">\n<li><strong>Gemeindegeschichte:<\/strong> Sie planen eine historische Darstellung Ihrer Gemeinde oder m\u00f6chten einen spezifischen Sachverhalt oder Aktenbestand aufgearbeitet haben? Gerne bespreche ich mit Ihnen Ihre Ideen und M\u00f6glichkeiten. <\/li>\n<\/ul>\n\n\n\n<ul class=\"wp-block-list\">\n<li><strong>Familiengeschichte und biographische Recherchen:<\/strong> Sie interessieren sich f\u00fcr die Vergangenheit Ihrer Vorfahren oder habe alte Unterlagen, die Sie nur schwer lesen k\u00f6nnen? Ich unterst\u00fctze Sie dabei, Ihre Familiengeschichte aufzuarbeiten. <\/li>\n<\/ul>\n\n\n\n<ul class=\"wp-block-list\">\n<li><strong>Archiv-Recherche: <\/strong>Ich unterst\u00fctzte Sie kompetent in der Suche nach f\u00fcr Sie geeigneten Quellen, werte diese f\u00fcr Sie nach wissenschaftlichen Kriterien aus oder stelle Ihnen den gesuchten Quellenkorpus zum Selbststudium zusammen.<\/li>\n<\/ul>\n\n\n\n<p><\/p>\n<\/div>\n","protected":false},"excerpt":{"rendered":"<p>Dienstleistungen Sie bringen Ihre Geschichte mit &#8211; ich stelle sie ins Zentrum.<\/p>\n","protected":false},"author":3,"featured_media":316,"parent":0,"menu_order":0,"comment_status":"closed","ping_status":"closed","template":"","meta":{"footnotes":""},"class_list":["post-124","page","type-page","status-publish","has-post-thumbnail","hentry"],"_links":{"self":[{"href":"https:\/\/www.historiker.online\/index.php?rest_route=\/wp\/v2\/pages\/124","targetHints":{"allow":["GET"]}}],"collection":[{"href":"https:\/\/www.historiker.online\/index.php?rest_route=\/wp\/v2\/pages"}],"about":[{"href":"https:\/\/www.historiker.online\/index.php?rest_route=\/wp\/v2\/types\/page"}],"author":[{"embeddable":true,"href":"https:\/\/www.historiker.online\/index.php?rest_route=\/wp\/v2\/users\/3"}],"replies":[{"embeddable":true,"href":"https:\/\/www.historiker.online\/index.php?rest_route=%2Fwp%2Fv2%2Fcomments&post=124"}],"version-history":[{"count":25,"href":"https:\/\/www.historiker.online\/index.php?rest_route=\/wp\/v2\/pages\/124\/revisions"}],"predecessor-version":[{"id":572,"href":"https:\/\/www.historiker.online\/index.php?rest_route=\/wp\/v2\/pages\/124\/revisions\/572"}],"wp:featuredmedia":[{"embeddable":true,"href":"https:\/\/www.historiker.online\/index.php?rest_route=\/wp\/v2\/media\/316"}],"wp:attachment":[{"href":"https:\/\/www.historiker.online\/index.php?rest_route=%2Fwp%2Fv2%2Fmedia&parent=124"}],"curies":[{"name":"wp","href":"https:\/\/api.w.org\/{rel}","templated":true}]}}